{"id":9,"date":"2024-07-17T04:32:00","date_gmt":"2024-07-17T04:32:00","guid":{"rendered":"https:\/\/promotion.drhclinic.com.vn\/?page_id=9"},"modified":"2025-12-12T03:46:58","modified_gmt":"2025-12-12T03:46:58","slug":"uu-dai-mezopro","status":"publish","type":"page","link":"https:\/\/promotion.drhclinic.com.vn\/","title":{"rendered":"\u01afu \u0111\u00e3i \u0111\u1ed9c quy\u1ec1n DRH"},"content":{"rendered":"\t\t<div data-elementor-type=\"wp-post\" data-elementor-id=\"9\" class=\"elementor elementor-9\" data-elementor-post-type=\"page\">\n\t\t\t\t<div class=\"elementor-element elementor-element-f37380b e-con-full e-flex e-con e-parent\" data-id=\"f37380b\" data-element_type=\"container\" data-settings=\"{&quot;background_background&quot;:&quot;classic&quot;}\">\n\t\t<div class=\"elementor-element elementor-element-0d3687c e-con-full e-flex e-con e-child\" data-id=\"0d3687c\" data-element_type=\"container\">\n\t\t\t\t<div class=\"elementor-element elementor-element-c51980b elementor-widget elementor-widget-image\" data-id=\"c51980b\" data-element_type=\"widget\" data-widget_type=\"image.default\">\n\t\t\t\t<div class=\"elementor-widget-container\">\n\t\t\t\t\t\t\t\t\t\t\t\t\t\t\t<img fetchpriority=\"high\" decoding=\"async\" width=\"652\" height=\"386\" src=\"https:\/\/promotion.drhclinic.com.vn\/wp-content\/uploads\/2025\/12\/LED-HAIRSALON-6.png\" class=\"attachment-full size-full wp-image-164\" alt=\"\" srcset=\"https:\/\/promotion.drhclinic.com.vn\/wp-content\/uploads\/2025\/12\/LED-HAIRSALON-6.png 652w, https:\/\/promotion.drhclinic.com.vn\/wp-content\/uploads\/2025\/12\/LED-HAIRSALON-6-300x178.png 300w\" sizes=\"(max-width: 652px) 100vw, 652px\" \/>\t\t\t\t\t\t\t\t\t\t\t\t\t\t\t<\/div>\n\t\t\t\t<\/div>\n\t\t\t\t<\/div>\n\t\t<div class=\"elementor-element elementor-element-1f431a5 e-con-full e-flex e-con e-child\" data-id=\"1f431a5\" data-element_type=\"container\" data-settings=\"{&quot;background_background&quot;:&quot;gradient&quot;}\">\n\t\t\t\t<div class=\"elementor-element elementor-element-5c1530f elementor-widget elementor-widget-heading\" data-id=\"5c1530f\" data-element_type=\"widget\" data-widget_type=\"heading.default\">\n\t\t\t\t<div class=\"elementor-widget-container\">\n\t\t\t\t\t<h2 class=\"elementor-heading-title elementor-size-default\">\u0110\u0102NG K\u00dd NH\u1eacN NGAY <br>\u01afU \u0110\u00c3I \u0110\u1eb6C BI\u1ec6T<\/h2>\t\t\t\t<\/div>\n\t\t\t\t<\/div>\n\t\t\t\t<div class=\"elementor-element elementor-element-0d28d49 elementor-widget-mobile__width-initial elementor-mobile-button-align-center elementor-button-align-center elementor-widget elementor-widget-form\" data-id=\"0d28d49\" data-element_type=\"widget\" data-settings=\"{&quot;step_next_label&quot;:&quot;Next&quot;,&quot;step_previous_label&quot;:&quot;Previous&quot;,&quot;button_width&quot;:&quot;100&quot;,&quot;step_type&quot;:&quot;number_text&quot;,&quot;step_icon_shape&quot;:&quot;circle&quot;}\" data-widget_type=\"form.default\">\n\t\t\t\t<div class=\"elementor-widget-container\">\n\t\t\t\t\t\t\t<form class=\"elementor-form\" method=\"post\" name=\"\u0110\u0103ng k\u00fd form\">\n\t\t\t<input type=\"hidden\" name=\"post_id\" value=\"9\"\/>\n\t\t\t<input type=\"hidden\" name=\"form_id\" value=\"0d28d49\"\/>\n\t\t\t<input type=\"hidden\" name=\"referer_title\" value=\"\" \/>\n\n\t\t\t\t\t\t\t<input type=\"hidden\" name=\"queried_id\" value=\"9\"\/>\n\t\t\t\n\t\t\t<div class=\"elementor-form-fields-wrapper elementor-labels-\">\n\t\t\t\t\t\t\t\t<div class=\"elementor-field-type-text elementor-field-group elementor-column elementor-field-group-name elementor-col-100 elementor-field-required\">\n\t\t\t\t\t\t\t\t\t\t\t\t<label for=\"form-field-name\" class=\"elementor-field-label elementor-screen-only\">\n\t\t\t\t\t\t\t\tH\u1ecd v\u00e0 t\u00ean\t\t\t\t\t\t\t<\/label>\n\t\t\t\t\t\t\t\t\t\t\t\t\t\t<input size=\"1\" type=\"text\" name=\"form_fields[name]\" id=\"form-field-name\" class=\"elementor-field elementor-size-sm  elementor-field-textual\" placeholder=\"H\u1ecd v\u00e0 t\u00ean\" required=\"required\" aria-required=\"true\">\n\t\t\t\t\t\t\t\t\t\t\t<\/div>\n\t\t\t\t\t\t\t\t<div class=\"elementor-field-type-tel elementor-field-group elementor-column elementor-field-group-field_ad0568c elementor-col-100 elementor-field-required\">\n\t\t\t\t\t\t\t\t\t\t\t\t<label for=\"form-field-field_ad0568c\" class=\"elementor-field-label elementor-screen-only\">\n\t\t\t\t\t\t\t\tS\u1ed1 \u0111i\u1ec7n tho\u1ea1i\t\t\t\t\t\t\t<\/label>\n\t\t\t\t\t\t\t\t<input size=\"1\" type=\"tel\" name=\"form_fields[field_ad0568c]\" id=\"form-field-field_ad0568c\" class=\"elementor-field elementor-size-sm  elementor-field-textual\" placeholder=\"S\u1ed1 \u0111i\u1ec7n tho\u1ea1i\" required=\"required\" aria-required=\"true\" pattern=\"[0-9()#&amp;+*-=.]+\" title=\"Only numbers and phone characters (#, -, *, etc) are accepted.\">\n\n\t\t\t\t\t\t<\/div>\n\t\t\t\t\t\t\t\t<div class=\"elementor-field-type-select elementor-field-group elementor-column elementor-field-group-field_65a87a1 elementor-col-100\">\n\t\t\t\t\t\t\t\t\t\t\t\t<label for=\"form-field-field_65a87a1\" class=\"elementor-field-label elementor-screen-only\">\n\t\t\t\t\t\t\t\tT\u00ecnh tr\u1ea1ng da c\u1ee7a b\u1ea1n\t\t\t\t\t\t\t<\/label>\n\t\t\t\t\t\t\t\t<div class=\"elementor-field elementor-select-wrapper remove-before \">\n\t\t\t<div class=\"select-caret-down-wrapper\">\n\t\t\t\t<svg aria-hidden=\"true\" class=\"e-font-icon-svg e-eicon-caret-down\" viewBox=\"0 0 571.4 571.4\" xmlns=\"http:\/\/www.w3.org\/2000\/svg\"><path d=\"M571 393Q571 407 561 418L311 668Q300 679 286 679T261 668L11 418Q0 407 0 393T11 368 36 357H536Q550 357 561 368T571 393Z\"><\/path><\/svg>\t\t\t<\/div>\n\t\t\t<select name=\"form_fields[field_65a87a1]\" id=\"form-field-field_65a87a1\" class=\"elementor-field-textual elementor-size-sm\">\n\t\t\t\t\t\t\t\t\t<option value=\"T\u00ecnh tr\u1ea1ng da c\u1ee7a b\u1ea1n\">T\u00ecnh tr\u1ea1ng da c\u1ee7a b\u1ea1n<\/option>\n\t\t\t\t\t\t\t\t\t<option value=\"\u0110i\u1ec1u tr\u1ecb m\u1ee5n\">\u0110i\u1ec1u tr\u1ecb m\u1ee5n<\/option>\n\t\t\t\t\t\t\t\t\t<option value=\"\u0110i\u1ec1u tr\u1ecb n\u00e1m\">\u0110i\u1ec1u tr\u1ecb n\u00e1m<\/option>\n\t\t\t\t\t\t\t\t\t<option value=\"\u0110I\u1ec1u tr\u1ecb r\u1ed7\">\u0110I\u1ec1u tr\u1ecb r\u1ed7<\/option>\n\t\t\t\t\t\t\t\t\t<option value=\"\u0110i\u1ec1u tr\u1ecb tr\u1ebb h\u00f3a\">\u0110i\u1ec1u tr\u1ecb tr\u1ebb h\u00f3a<\/option>\n\t\t\t\t\t\t\t<\/select>\n\t\t<\/div>\n\t\t\t\t\t\t<\/div>\n\t\t\t\t\t\t\t\t<div class=\"elementor-field-group elementor-column elementor-field-type-submit elementor-col-100 e-form__buttons\">\n\t\t\t\t\t<button class=\"elementor-button elementor-size-sm\" type=\"submit\">\n\t\t\t\t\t\t<span class=\"elementor-button-content-wrapper\">\n\t\t\t\t\t\t\t\t\t\t\t\t\t\t\t\t\t\t\t\t<\/span>\n\t\t\t\t\t<\/button>\n\t\t\t\t<\/div>\n\t\t\t<\/div>\n\t\t<\/form>\n\t\t\t\t\t\t<\/div>\n\t\t\t\t<\/div>\n\t\t\t\t<\/div>\n\t\t<div class=\"elementor-element elementor-element-19ad309 e-con-full e-flex e-con e-child\" data-id=\"19ad309\" data-element_type=\"container\" data-settings=\"{&quot;background_background&quot;:&quot;gradient&quot;}\">\n\t\t\t\t<div class=\"elementor-element elementor-element-e139b9e elementor-widget-mobile__width-initial elementor-widget elementor-widget-image\" data-id=\"e139b9e\" data-element_type=\"widget\" data-widget_type=\"image.default\">\n\t\t\t\t<div class=\"elementor-widget-container\">\n\t\t\t\t\t\t\t\t\t\t\t\t\t\t\t<img decoding=\"async\" width=\"1074\" height=\"477\" src=\"https:\/\/promotion.drhclinic.com.vn\/wp-content\/uploads\/2025\/12\/LED-HAIRSALON-1.png\" class=\"attachment-full size-full wp-image-173\" alt=\"\" srcset=\"https:\/\/promotion.drhclinic.com.vn\/wp-content\/uploads\/2025\/12\/LED-HAIRSALON-1.png 1074w, https:\/\/promotion.drhclinic.com.vn\/wp-content\/uploads\/2025\/12\/LED-HAIRSALON-1-300x133.png 300w, https:\/\/promotion.drhclinic.com.vn\/wp-content\/uploads\/2025\/12\/LED-HAIRSALON-1-1024x455.png 1024w, https:\/\/promotion.drhclinic.com.vn\/wp-content\/uploads\/2025\/12\/LED-HAIRSALON-1-768x341.png 768w\" sizes=\"(max-width: 1074px) 100vw, 1074px\" \/>\t\t\t\t\t\t\t\t\t\t\t\t\t\t\t<\/div>\n\t\t\t\t<\/div>\n\t\t\t\t<\/div>\n\t\t\t\t<\/div>\n\t\t\t\t<\/div>\n\t\t","protected":false},"excerpt":{"rendered":"<p>\u0110\u0102NG K\u00dd NH\u1eacN NGAY \u01afU \u0110\u00c3I \u0110\u1eb6C BI\u1ec6T<\/p>\n","protected":false},"author":2,"featured_media":0,"parent":0,"menu_order":0,"comment_status":"closed","ping_status":"closed","template":"","meta":{"footnotes":""},"class_list":["post-9","page","type-page","status-publish","hentry"],"_links":{"self":[{"href":"https:\/\/promotion.drhclinic.com.vn\/index.php\/wp-json\/wp\/v2\/pages\/9","targetHints":{"allow":["GET"]}}],"collection":[{"href":"https:\/\/promotion.drhclinic.com.vn\/index.php\/wp-json\/wp\/v2\/pages"}],"about":[{"href":"https:\/\/promotion.drhclinic.com.vn\/index.php\/wp-json\/wp\/v2\/types\/page"}],"author":[{"embeddable":true,"href":"https:\/\/promotion.drhclinic.com.vn\/index.php\/wp-json\/wp\/v2\/users\/2"}],"replies":[{"embeddable":true,"href":"https:\/\/promotion.drhclinic.com.vn\/index.php\/wp-json\/wp\/v2\/comments?post=9"}],"version-history":[{"count":110,"href":"https:\/\/promotion.drhclinic.com.vn\/index.php\/wp-json\/wp\/v2\/pages\/9\/revisions"}],"predecessor-version":[{"id":195,"href":"https:\/\/promotion.drhclinic.com.vn\/index.php\/wp-json\/wp\/v2\/pages\/9\/revisions\/195"}],"wp:attachment":[{"href":"https:\/\/promotion.drhclinic.com.vn\/index.php\/wp-json\/wp\/v2\/media?parent=9"}],"curies":[{"name":"wp","href":"https:\/\/api.w.org\/{rel}","templated":true}]}}